{"id":1984,"date":"2021-11-12T11:41:39","date_gmt":"2021-11-12T10:41:39","guid":{"rendered":"http:\/\/sportbyzz.com\/?page_id=1984"},"modified":"2021-12-13T09:50:35","modified_gmt":"2021-12-13T08:50:35","slug":"wir","status":"publish","type":"page","link":"https:\/\/sportbyzz.com\/en\/wir\/","title":{"rendered":"About us"},"content":{"rendered":"<p>[et_pb_section fb_built=&#8220;1&#8243; admin_label=&#8220;SUBPAGE HEADER&#8220; _builder_version=&#8220;4.14.1&#8243; _module_preset=&#8220;default&#8220; background_color=&#8220;#0d0d0d&#8220; background_enable_image=&#8220;off&#8220; height_tablet=&#8220;&#8220; height_phone=&#8220;&#8220; height_last_edited=&#8220;on|desktop&#8220; custom_margin=&#8220;0px||0px||false|false&#8220; custom_padding=&#8220;0px||0px||false|false&#8220; animation_direction=&#8220;top&#8220; custom_css_main_element=&#8220;min-height: 50vh !important;&#8220; global_colors_info=&#8220;{}&#8220; custom_css_main_element_last_edited=&#8220;on|tablet&#8220; custom_css_main_element_phone=&#8220;min-height: 30vh !important; &#8220; custom_css_main_element_tablet=&#8220;min-height: 40vh !important;&#8220;][et_pb_row admin_label=&#8220;Header im&#8220; _builder_version=&#8220;4.14.2&#8243; _module_preset=&#8220;default&#8220; background_image=&#8220;https:\/\/sportbyzz.com\/wp-content\/uploads\/2021\/12\/sportbyzz-cover-wir-4.jpg&#8220; width=&#8220;100%&#8220; max_width=&#8220;3000px&#8220; custom_margin=&#8220;0px||0px||false|false&#8220; custom_padding=&#8220;0px||||false|false&#8220; animation_style=&#8220;slide&#8220; animation_direction=&#8220;top&#8220; animation_duration=&#8220;900ms&#8220; animation_intensity_slide=&#8220;4%&#8220; hover_enabled=&#8220;0&#8243; custom_css_main_element=&#8220;min-height: 50vh !important; &#8220; global_colors_info=&#8220;{}&#8220; custom_css_main_element_last_edited=&#8220;on|desktop&#8220; custom_css_main_element_phone=&#8220;min-height: 30vh !important; &#8220; custom_css_main_element_tablet=&#8220;min-height: 40vh !important;&#8220; title_text=&#8220;sportbyzz-cover-wir-4&#8243; sticky_enabled=&#8220;0&#8243;][et_pb_column type=&#8220;4_4&#8243; _builder_version=&#8220;4.11.4&#8243; _module_preset=&#8220;default&#8220; global_colors_info=&#8220;{}&#8220;][\/et_pb_column][\/et_pb_row][\/et_pb_section][et_pb_section fb_built=&#8220;1&#8243; custom_padding_last_edited=&#8220;on|phone&#8220; _builder_version=&#8220;4.14.2&#8243; _module_preset=&#8220;default&#8220; background_color=&#8220;#0d0d0d&#8220; custom_padding=&#8220;130px||180px||false|false&#8220; custom_padding_tablet=&#8220;30px||180px||false|false&#8220; custom_padding_phone=&#8220;30px||160px||false|false&#8220; global_colors_info=&#8220;{}&#8220;][et_pb_row column_structure=&#8220;1_2,1_2&#8243; custom_padding_last_edited=&#8220;on|tablet&#8220; _builder_version=&#8220;4.14.1&#8243; _module_preset=&#8220;default&#8220; width=&#8220;90%&#8220; max_width=&#8220;2400px&#8220; custom_padding=&#8220;0px||||false|false&#8220; custom_padding_tablet=&#8220;0px||0px||false|false&#8220; custom_padding_phone=&#8220;0px||0px||false|false&#8220; global_colors_info=&#8220;{}&#8220;][et_pb_column type=&#8220;1_2&#8243; _builder_version=&#8220;4.11.4&#8243; _module_preset=&#8220;default&#8220; global_colors_info=&#8220;{}&#8220;][et_pb_text admin_label=&#8220;h2&#8243; _builder_version=&#8220;4.14.1&#8243; _module_preset=&#8220;default&#8220; header_2_text_color=&#8220;#FFFFFF&#8220; header_2_font_size=&#8220;70px&#8220; max_width=&#8220;700px&#8220; max_width_tablet=&#8220;500px&#8220; max_width_phone=&#8220;320px&#8220; max_width_last_edited=&#8220;on|phone&#8220; animation_style=&#8220;slide&#8220; animation_direction=&#8220;top&#8220; animation_duration=&#8220;900ms&#8220; animation_intensity_slide=&#8220;4%&#8220; header_2_font_size_tablet=&#8220;55px&#8220; header_2_font_size_phone=&#8220;32px&#8220; header_2_font_size_last_edited=&#8220;on|tablet&#8220; global_colors_info=&#8220;{}&#8220;]<\/p>\n<h2>Wir<\/h2>\n<p>[\/et_pb_text][\/et_pb_column][et_pb_column type=&#8220;1_2&#8243; _builder_version=&#8220;4.11.4&#8243; _module_preset=&#8220;default&#8220; global_colors_info=&#8220;{}&#8220;][et_pb_text _builder_version=&#8220;4.14.1&#8243; _module_preset=&#8220;default&#8220; text_text_color=&#8220;#FFFFFF&#8220; text_font_size=&#8220;30px&#8220; text_line_height=&#8220;1.3em&#8220; ul_font_size=&#8220;30px&#8220; ul_line_height=&#8220;1.2em&#8220; header_font=&#8220;|||on|||||&#8220; custom_margin=&#8220;||60px||false|false&#8220; custom_margin_tablet=&#8220;-20px||40px||false|false&#8220; custom_margin_phone=&#8220;||0px||false|false&#8220; custom_margin_last_edited=&#8220;on|phone&#8220; custom_padding=&#8220;||||false|false&#8220; custom_padding_tablet=&#8220;0px||||false|false&#8220; custom_padding_phone=&#8220;0px||||false|false&#8220; custom_padding_last_edited=&#8220;on|tablet&#8220; animation_style=&#8220;slide&#8220; animation_direction=&#8220;top&#8220; animation_duration=&#8220;900ms&#8220; animation_delay=&#8220;50ms&#8220; animation_intensity_slide=&#8220;3%&#8220; text_font_size_tablet=&#8220;24px&#8220; text_font_size_phone=&#8220;20px&#8220; text_font_size_last_edited=&#8220;on|tablet&#8220; text_line_height_tablet=&#8220;1.2em&#8220; text_line_height_phone=&#8220;1.3em&#8220; text_line_height_last_edited=&#8220;on|desktop&#8220; global_colors_info=&#8220;{}&#8220;]<\/p>\n<p>Sport und Business zusammenzubringen, das war schon immer der Antrieb vom sportbyzz Gr\u00fcnder Dirk Ifsen. Nach \u00fcber zehn Jahren T\u00e4tigkeit als Vorstand der Opta Sport Daten AG bzw. \u00fcbergehend als Gesch\u00e4ftsf\u00fchrer der Perform Media Deutschland GmbH und weiterer Gesellschaften der Perform Gruppe, gr\u00fcndete Dirk Ende 2021 mit der sportbyzz GmbH sein erstes eigenes Unternehmen. Zuvor war Dirk u.a. als Journalist, Projektleiter und in F\u00fchrungspositionen bei Amazon, Expedia und Kabel Deutschland t\u00e4tig.<\/p>\n<p>[\/et_pb_text][et_pb_image src=&#8220;https:\/\/sportbyzz.com\/wp-content\/uploads\/2021\/11\/sprtbyzz-dirk-1.jpg&#8220; title_text=&#8220;sprtbyzz-dirk-1&#8243; _builder_version=&#8220;4.14.1&#8243; _module_preset=&#8220;default&#8220; custom_margin=&#8220;70px||70px||true|false&#8220; custom_margin_tablet=&#8220;70px||70px||true|false&#8220; custom_margin_phone=&#8220;30px||30px||true|false&#8220; custom_margin_last_edited=&#8220;on|phone&#8220; animation_style=&#8220;slide&#8220; animation_direction=&#8220;top&#8220; animation_duration=&#8220;900ms&#8220; animation_intensity_slide=&#8220;3%&#8220; global_colors_info=&#8220;{}&#8220;][\/et_pb_image][et_pb_text _builder_version=&#8220;4.14.1&#8243; _module_preset=&#8220;default&#8220; text_text_color=&#8220;#FFFFFF&#8220; text_font_size=&#8220;30px&#8220; text_line_height=&#8220;1.3em&#8220; ul_font_size=&#8220;30px&#8220; ul_line_height=&#8220;1.2em&#8220; header_font=&#8220;|||on|||||&#8220; custom_margin=&#8220;||30px||false|false&#8220; custom_margin_tablet=&#8220;-20px||40px||false|false&#8220; custom_margin_phone=&#8220;0px||40px||false|false&#8220; custom_margin_last_edited=&#8220;on|phone&#8220; custom_padding=&#8220;||||false|false&#8220; custom_padding_tablet=&#8220;0px||||false|false&#8220; custom_padding_phone=&#8220;0px||||false|false&#8220; custom_padding_last_edited=&#8220;on|tablet&#8220; animation_style=&#8220;slide&#8220; animation_direction=&#8220;top&#8220; animation_duration=&#8220;900ms&#8220; animation_intensity_slide=&#8220;3%&#8220; text_font_size_tablet=&#8220;24px&#8220; text_font_size_phone=&#8220;20px&#8220; text_font_size_last_edited=&#8220;on|tablet&#8220; text_line_height_tablet=&#8220;1.2em&#8220; text_line_height_phone=&#8220;1.3em&#8220; text_line_height_last_edited=&#8220;on|desktop&#8220; global_colors_info=&#8220;{}&#8220;]<\/p>\n<p>Mitte 2020 nahm Dirk sich eine Auszeit nach 25 Jahren im Berufsleben \u2013 ein Sabbatical, welches vieles in der Perspektive \u00e4nderte. Schnell war klar, dass die Ideen und der Antrieb f\u00fcr Neues nur eine Richtung zulie\u00df \u2013 die erste eigene Company zu gr\u00fcnden.<span class=\"Apple-converted-space\">\u00a0<\/span><\/p>\n<p>[\/et_pb_text][et_pb_text _builder_version=&#8220;4.14.1&#8243; _module_preset=&#8220;default&#8220; text_text_color=&#8220;#FFFFFF&#8220; text_font_size=&#8220;30px&#8220; text_line_height=&#8220;1.3em&#8220; ul_font_size=&#8220;30px&#8220; ul_line_height=&#8220;1.2em&#8220; header_font=&#8220;|||on|||||&#8220; custom_margin=&#8220;||30px||false|false&#8220; custom_margin_tablet=&#8220;-20px||40px||false|false&#8220; custom_margin_phone=&#8220;||40px||false|false&#8220; custom_margin_last_edited=&#8220;on|phone&#8220; custom_padding=&#8220;||||false|false&#8220; custom_padding_tablet=&#8220;0px||||false|false&#8220; custom_padding_phone=&#8220;0px||||false|false&#8220; custom_padding_last_edited=&#8220;on|tablet&#8220; animation_style=&#8220;slide&#8220; animation_direction=&#8220;top&#8220; animation_duration=&#8220;900ms&#8220; animation_intensity_slide=&#8220;3%&#8220; text_font_size_tablet=&#8220;24px&#8220; text_font_size_phone=&#8220;20px&#8220; text_font_size_last_edited=&#8220;on|tablet&#8220; text_line_height_tablet=&#8220;1.2em&#8220; text_line_height_phone=&#8220;1.3em&#8220; text_line_height_last_edited=&#8220;on|desktop&#8220; global_colors_info=&#8220;{}&#8220;]<\/p>\n<p>Die sportbyzz GmbH versteht sich als Partner, nicht nur als Dienstleister. Wir gehen individuell auf den Kunden ein und in der t\u00e4glichen Arbeit stehen die Faktoren Individualit\u00e4t, Business-Orientierung, Kreativit\u00e4t, Professionalit\u00e4t und der gegenseitige Respekt f\u00fcr alle Projektbeteiligten f\u00fcr uns im Fokus. Und dazu insbesondere der Spa\u00df und die Motivation bei den Aufgaben.<\/p>\n<p>[\/et_pb_text][et_pb_text _builder_version=&#8220;4.14.1&#8243; _module_preset=&#8220;default&#8220; text_text_color=&#8220;#FFFFFF&#8220; text_font_size=&#8220;30px&#8220; text_line_height=&#8220;1.3em&#8220; ul_font_size=&#8220;30px&#8220; ul_line_height=&#8220;1.2em&#8220; header_font=&#8220;|||on|||||&#8220; custom_margin=&#8220;||30px||false|false&#8220; custom_margin_tablet=&#8220;-20px||0px||false|false&#8220; custom_margin_phone=&#8220;||0px||false|false&#8220; custom_margin_last_edited=&#8220;on|phone&#8220; custom_padding=&#8220;||||false|false&#8220; custom_padding_tablet=&#8220;0px||||false|false&#8220; custom_padding_phone=&#8220;0px||||false|false&#8220; custom_padding_last_edited=&#8220;on|tablet&#8220; animation_style=&#8220;slide&#8220; animation_direction=&#8220;top&#8220; animation_duration=&#8220;900ms&#8220; animation_intensity_slide=&#8220;3%&#8220; text_font_size_tablet=&#8220;24px&#8220; text_font_size_phone=&#8220;20px&#8220; text_font_size_last_edited=&#8220;on|tablet&#8220; text_line_height_tablet=&#8220;1.2em&#8220; text_line_height_phone=&#8220;1.3em&#8220; text_line_height_last_edited=&#8220;on|desktop&#8220; global_colors_info=&#8220;{}&#8220;]<\/p>\n<p>Gerade die enge Zusammenarbeit zu zwei Partnern kennzeichnet sportbyzz. Jan Henkel, TV Produzent und Moderator, sowie Manuel Baum, Bundesliga-Coach und Medienexperte. Gemeinsam entwickeln wir Konzepte und setzen Projekte der besonderen Art um. Und dieses mit einem Spirit, der sich gleicht.<span class=\"Apple-converted-space\">\u00a0<\/span><\/p>\n<p>[\/et_pb_text][et_pb_text _builder_version=&#8220;4.14.2&#8243; _module_preset=&#8220;default&#8220; text_text_color=&#8220;#FFFFFF&#8220; text_font_size=&#8220;30px&#8220; text_line_height=&#8220;1.3em&#8220; ul_font_size=&#8220;30px&#8220; ul_line_height=&#8220;1.2em&#8220; header_font=&#8220;|||on|||||&#8220; custom_margin=&#8220;||30px||false|false&#8220; custom_margin_tablet=&#8220;-20px||0px||false|false&#8220; custom_margin_phone=&#8220;||0px||false|false&#8220; custom_margin_last_edited=&#8220;on|phone&#8220; custom_padding=&#8220;||||false|false&#8220; custom_padding_tablet=&#8220;0px||||false|false&#8220; custom_padding_phone=&#8220;0px||||false|false&#8220; custom_padding_last_edited=&#8220;on|tablet&#8220; animation_style=&#8220;slide&#8220; animation_direction=&#8220;top&#8220; animation_duration=&#8220;900ms&#8220; animation_intensity_slide=&#8220;3%&#8220; text_font_size_tablet=&#8220;24px&#8220; text_font_size_phone=&#8220;20px&#8220; text_font_size_last_edited=&#8220;on|tablet&#8220; text_line_height_tablet=&#8220;1.2em&#8220; text_line_height_phone=&#8220;1.3em&#8220; text_line_height_last_edited=&#8220;on|desktop&#8220; global_colors_info=&#8220;{}&#8220;]<\/p>\n<p>Dirk ist in weiteren Unternehmen als Beirat beteiligt.<\/p>\n<p>[\/et_pb_text][\/et_pb_column][\/et_pb_row][et_pb_row column_structure=&#8220;1_2,1_2&#8243; custom_padding_last_edited=&#8220;on|phone&#8220; _builder_version=&#8220;4.14.1&#8243; _module_preset=&#8220;default&#8220; width=&#8220;90%&#8220; max_width=&#8220;2400px&#8220; custom_padding=&#8220;||0px||false|false&#8220; custom_padding_tablet=&#8220;||0px||false|false&#8220; custom_padding_phone=&#8220;0px||0px||false|false&#8220; global_colors_info=&#8220;{}&#8220;][et_pb_column type=&#8220;1_2&#8243; _builder_version=&#8220;4.11.4&#8243; _module_preset=&#8220;default&#8220; global_colors_info=&#8220;{}&#8220;][\/et_pb_column][et_pb_column type=&#8220;1_2&#8243; _builder_version=&#8220;4.11.4&#8243; _module_preset=&#8220;default&#8220; global_colors_info=&#8220;{}&#8220;][et_pb_image src=&#8220;https:\/\/sportbyzz.com\/wp-content\/uploads\/2021\/12\/sportbyzz-wir-3.jpg&#8220; title_text=&#8220;sportbyzz-wir-3&#8243; _builder_version=&#8220;4.14.2&#8243; _module_preset=&#8220;default&#8220; animation_style=&#8220;slide&#8220; animation_direction=&#8220;top&#8220; animation_duration=&#8220;900ms&#8220; animation_delay=&#8220;100ms&#8220; animation_intensity_slide=&#8220;3%&#8220; global_colors_info=&#8220;{}&#8220;][\/et_pb_image][\/et_pb_column][\/et_pb_row][\/et_pb_section]<\/p>\n","protected":false},"excerpt":{"rendered":"<p>WirSport und Business zusammenzubringen, das war schon immer der Antrieb vom sportbyzz Gr\u00fcnder Dirk Ifsen. Nach \u00fcber zehn Jahren T\u00e4tigkeit als Vorstand der Opta Sport Daten AG bzw. \u00fcbergehend als Gesch\u00e4ftsf\u00fchrer der Perform Media Deutschland GmbH und weiterer Gesellschaften der Perform Gruppe, gr\u00fcndete Dirk Ende 2021 mit der sportbyzz GmbH sein erstes eigenes Unternehmen. Zuvor [&hellip;]<\/p>\n","protected":false},"author":4,"featured_media":0,"parent":0,"menu_order":0,"comment_status":"closed","ping_status":"closed","template":"","meta":{"_et_pb_use_builder":"on","_et_pb_old_content":"<!-- wp:divi\/placeholder \/-->","_et_gb_content_width":"","footnotes":""},"class_list":["post-1984","page","type-page","status-publish","hentry"],"_links":{"self":[{"href":"https:\/\/sportbyzz.com\/en\/wp-json\/wp\/v2\/pages\/1984","targetHints":{"allow":["GET"]}}],"collection":[{"href":"https:\/\/sportbyzz.com\/en\/wp-json\/wp\/v2\/pages"}],"about":[{"href":"https:\/\/sportbyzz.com\/en\/wp-json\/wp\/v2\/types\/page"}],"author":[{"embeddable":true,"href":"https:\/\/sportbyzz.com\/en\/wp-json\/wp\/v2\/users\/4"}],"replies":[{"embeddable":true,"href":"https:\/\/sportbyzz.com\/en\/wp-json\/wp\/v2\/comments?post=1984"}],"version-history":[{"count":21,"href":"https:\/\/sportbyzz.com\/en\/wp-json\/wp\/v2\/pages\/1984\/revisions"}],"predecessor-version":[{"id":2949,"href":"https:\/\/sportbyzz.com\/en\/wp-json\/wp\/v2\/pages\/1984\/revisions\/2949"}],"wp:attachment":[{"href":"https:\/\/sportbyzz.com\/en\/wp-json\/wp\/v2\/media?parent=1984"}],"curies":[{"name":"wp","href":"https:\/\/api.w.org\/{rel}","templated":true}]}}