{"id":177,"date":"2021-08-25T10:36:56","date_gmt":"2021-08-25T08:36:56","guid":{"rendered":"http:\/\/sportbyzz.com\/?page_id=177"},"modified":"2022-03-15T13:48:48","modified_gmt":"2022-03-15T12:48:48","slug":"impressum","status":"publish","type":"page","link":"https:\/\/sportbyzz.com\/en\/impressum\/","title":{"rendered":"Imprint"},"content":{"rendered":"<p>[et_pb_section fb_built=&#8220;1&#8243; custom_padding_last_edited=&#8220;on|phone&#8220; _builder_version=&#8220;4.14.1&#8243; _module_preset=&#8220;default&#8220; background_color=&#8220;#0d0d0d&#8220; custom_padding=&#8220;200px||180px||false|false&#8220; custom_padding_tablet=&#8220;200px||180px||false|false&#8220; custom_padding_phone=&#8220;170px||50px||false|false&#8220; global_colors_info=&#8220;{}&#8220;][et_pb_row _builder_version=&#8220;4.14.1&#8243; _module_preset=&#8220;default&#8220; width=&#8220;90%&#8220; max_width=&#8220;2400px&#8220; custom_margin=&#8220;||0px||false|false&#8220; global_colors_info=&#8220;{}&#8220;][et_pb_column type=&#8220;4_4&#8243; _builder_version=&#8220;4.11.4&#8243; _module_preset=&#8220;default&#8220; global_colors_info=&#8220;{}&#8220;][et_pb_text _builder_version=&#8220;4.14.1&#8243; _module_preset=&#8220;default&#8220; header_2_text_color=&#8220;#FFFFFF&#8220; header_2_font_size=&#8220;70px&#8220; animation_style=&#8220;slide&#8220; animation_direction=&#8220;top&#8220; animation_duration=&#8220;900ms&#8220; animation_delay=&#8220;100ms&#8220; animation_intensity_slide=&#8220;4%&#8220; header_2_font_size_tablet=&#8220;32px&#8220; header_2_font_size_phone=&#8220;32px&#8220; header_2_font_size_last_edited=&#8220;on|tablet&#8220; global_colors_info=&#8220;{}&#8220;]<\/p>\n<h2>Impressum<\/h2>\n<p>[\/et_pb_text][et_pb_text _builder_version=&#8220;4.14.1&#8243; _module_preset=&#8220;default&#8220; text_text_color=&#8220;#FFFFFF&#8220; text_font_size=&#8220;30px&#8220; text_line_height=&#8220;1.3em&#8220; ul_font_size=&#8220;30px&#8220; ul_line_height=&#8220;1.2em&#8220; custom_margin=&#8220;||30px||false|false&#8220; custom_margin_tablet=&#8220;||30px||false|false&#8220; custom_margin_phone=&#8220;||20px||false|false&#8220; custom_margin_last_edited=&#8220;on|phone&#8220; custom_padding_tablet=&#8220;&#8220; custom_padding_phone=&#8220;&#8220; custom_padding_last_edited=&#8220;on|phone&#8220; animation_style=&#8220;slide&#8220; animation_direction=&#8220;top&#8220; animation_duration=&#8220;900ms&#8220; animation_delay=&#8220;200ms&#8220; animation_intensity_slide=&#8220;3%&#8220; text_font_size_tablet=&#8220;24px&#8220; text_font_size_phone=&#8220;18px&#8220; text_font_size_last_edited=&#8220;on|tablet&#8220; text_line_height_tablet=&#8220;1.3em&#8220; text_line_height_phone=&#8220;1.3em&#8220; text_line_height_last_edited=&#8220;on|desktop&#8220; global_colors_info=&#8220;{}&#8220;]<\/p>\n<p>sportbyzz GmbH<br \/>Ottilienstra\u00dfe 67b<br \/>81827 M\u00fcnchen<br \/>Deutschland<\/p>\n<p>[\/et_pb_text][et_pb_text _builder_version=&#8220;4.14.7&#8243; _module_preset=&#8220;default&#8220; text_text_color=&#8220;#FFFFFF&#8220; text_font_size=&#8220;30px&#8220; text_line_height=&#8220;1.3em&#8220; ul_font_size=&#8220;30px&#8220; ul_line_height=&#8220;1.2em&#8220; custom_margin=&#8220;||30px||false|false&#8220; custom_margin_tablet=&#8220;||30px||false|false&#8220; custom_margin_phone=&#8220;||20px||false|false&#8220; custom_margin_last_edited=&#8220;on|phone&#8220; custom_padding_tablet=&#8220;&#8220; custom_padding_phone=&#8220;&#8220; custom_padding_last_edited=&#8220;on|phone&#8220; animation_style=&#8220;slide&#8220; animation_direction=&#8220;top&#8220; animation_duration=&#8220;900ms&#8220; animation_delay=&#8220;300ms&#8220; animation_intensity_slide=&#8220;3%&#8220; hover_enabled=&#8220;0&#8243; text_font_size_tablet=&#8220;24px&#8220; text_font_size_phone=&#8220;18px&#8220; text_font_size_last_edited=&#8220;on|tablet&#8220; text_line_height_tablet=&#8220;1.3em&#8220; text_line_height_phone=&#8220;1.3em&#8220; text_line_height_last_edited=&#8220;on|phone&#8220; global_colors_info=&#8220;{}&#8220; sticky_enabled=&#8220;0&#8243;]<\/p>\n<p><span role=\"presentation\" dir=\"ltr\">info@sportbyzz.com<\/span><br role=\"presentation\" \/><span role=\"presentation\" dir=\"ltr\">Tel.: +49 (0) 89 26219308<\/span><\/p>\n<p>[\/et_pb_text][et_pb_text _builder_version=&#8220;4.14.2&#8243; _module_preset=&#8220;default&#8220; text_text_color=&#8220;#FFFFFF&#8220; text_font_size=&#8220;30px&#8220; text_line_height=&#8220;1.3em&#8220; ul_font_size=&#8220;30px&#8220; ul_line_height=&#8220;1.2em&#8220; custom_margin=&#8220;||30px||false|false&#8220; custom_margin_tablet=&#8220;||30px||false|false&#8220; custom_margin_phone=&#8220;||20px||false|false&#8220; custom_margin_last_edited=&#8220;on|phone&#8220; custom_padding_tablet=&#8220;&#8220; custom_padding_phone=&#8220;&#8220; custom_padding_last_edited=&#8220;on|phone&#8220; animation_style=&#8220;slide&#8220; animation_direction=&#8220;top&#8220; animation_duration=&#8220;900ms&#8220; animation_delay=&#8220;400ms&#8220; animation_intensity_slide=&#8220;3%&#8220; text_font_size_tablet=&#8220;24px&#8220; text_font_size_phone=&#8220;18px&#8220; text_font_size_last_edited=&#8220;on|tablet&#8220; text_line_height_tablet=&#8220;1.3em&#8220; text_line_height_phone=&#8220;1.3em&#8220; text_line_height_last_edited=&#8220;on|phone&#8220; global_colors_info=&#8220;{}&#8220;]<\/p>\n<p>Gesch\u00e4ftsf\u00fchrer: Dirk Ifsen<br \/>Registergericht: Amtsgericht M\u00fcnchen<br \/>Registernummer: HRB 270924<br \/>Sitz der Gesellschaft: M\u00fcnchen, Deutschland<br \/><span>Einkommensteuer-Nummer 182\/583\/15029<\/span><\/p>\n<p>[\/et_pb_text][et_pb_text module_class=&#8220;underline&#8220; _builder_version=&#8220;4.14.2&#8243; _module_preset=&#8220;default&#8220; text_text_color=&#8220;#FFFFFF&#8220; text_font_size=&#8220;30px&#8220; text_line_height=&#8220;1.3em&#8220; ul_font_size=&#8220;30px&#8220; ul_line_height=&#8220;1.2em&#8220; max_width=&#8220;700px&#8220; custom_margin=&#8220;||30px||false|false&#8220; custom_margin_tablet=&#8220;||30px||false|false&#8220; custom_margin_phone=&#8220;||20px||false|false&#8220; custom_margin_last_edited=&#8220;on|phone&#8220; custom_padding_tablet=&#8220;&#8220; custom_padding_phone=&#8220;&#8220; custom_padding_last_edited=&#8220;on|phone&#8220; animation_style=&#8220;slide&#8220; animation_direction=&#8220;top&#8220; animation_duration=&#8220;900ms&#8220; animation_delay=&#8220;400ms&#8220; animation_intensity_slide=&#8220;3%&#8220; text_font_size_tablet=&#8220;24px&#8220; text_font_size_phone=&#8220;18px&#8220; text_font_size_last_edited=&#8220;on|tablet&#8220; text_line_height_tablet=&#8220;1.3em&#8220; text_line_height_phone=&#8220;1.3em&#8220; text_line_height_last_edited=&#8220;on|phone&#8220; global_colors_info=&#8220;{}&#8220;]<\/p>\n<p><span role=\"presentation\" dir=\"ltr\">Design und Animation: <a href=\"https:\/\/davidweigert.com\" target=\"_blank\" rel=\"noopener\">David Weigert<\/a><\/span><br role=\"presentation\" \/><span role=\"presentation\" dir=\"ltr\">Fotografie: <a href=\"https:\/\/www.j-gordon.com\/about\" target=\"_blank\" rel=\"noopener\">Jonathan Gordon<\/a>, Anna Sullivan, Chaitanya Tvs, Willian-Justen de Vasconcellos, Nastuh Abootalebi, ShareGrid<\/span><\/p>\n<p>[\/et_pb_text][et_pb_text _builder_version=&#8220;4.14.1&#8243; _module_preset=&#8220;default&#8220; text_text_color=&#8220;#FFFFFF&#8220; text_font_size=&#8220;30px&#8220; text_line_height=&#8220;1.3em&#8220; ul_font_size=&#8220;30px&#8220; ul_line_height=&#8220;1.2em&#8220; max_width=&#8220;750px&#8220; custom_margin=&#8220;||30px||false|false&#8220; custom_margin_tablet=&#8220;||30px||false|false&#8220; custom_margin_phone=&#8220;||20px||false|false&#8220; custom_margin_last_edited=&#8220;on|phone&#8220; custom_padding_tablet=&#8220;&#8220; custom_padding_phone=&#8220;&#8220; custom_padding_last_edited=&#8220;on|phone&#8220; animation_style=&#8220;slide&#8220; animation_direction=&#8220;top&#8220; animation_duration=&#8220;900ms&#8220; animation_intensity_slide=&#8220;3%&#8220; text_font_size_tablet=&#8220;24px&#8220; text_font_size_phone=&#8220;18px&#8220; text_font_size_last_edited=&#8220;on|tablet&#8220; text_line_height_tablet=&#8220;1.3em&#8220; text_line_height_phone=&#8220;1.3em&#8220; text_line_height_last_edited=&#8220;on|phone&#8220; global_colors_info=&#8220;{}&#8220;]<\/p>\n<p>Haftungshinweis: Trotz sorgf\u00e4ltiger inhaltlicher Kontrolle \u00fcbernehmen wir keine Haftung f\u00fcr die Inhalte externer Links. F\u00fcr den Inhalt der verlinkten Seiten sind ausschlie\u00dflich deren Betreiber verantwortlich.<\/p>\n<p>[\/et_pb_text][et_pb_text content_tablet=&#8220;<\/p>\n<p><a href=%22https:\/\/sportbyzz.com\/datenschutz\/%22>Datenschutzseite<\/a> <span class=%22et-pb-icon%22 style=%22font-size: x-large;%22>$<\/span><\/p>\n<p>&#8220; content_phone=&#8220;<a href=%22https:\/\/sportbyzz.com\/datenschutz\/%22>Datenschutzseite<\/a> <span class=%22et-pb-icon%22 style=%22font-size: large;%22>$<\/span>&#8220; content_last_edited=&#8220;on|phone&#8220; module_class=&#8220;underline&#8220; _builder_version=&#8220;4.14.1&#8243; _module_preset=&#8220;default&#8220; text_text_color=&#8220;#FFFFFF&#8220; text_font_size=&#8220;30px&#8220; text_line_height=&#8220;1.3em&#8220; ul_font_size=&#8220;30px&#8220; ul_line_height=&#8220;1.2em&#8220; max_width=&#8220;750px&#8220; custom_margin=&#8220;||0px||false|false&#8220; custom_margin_tablet=&#8220;||0px||false|false&#8220; custom_margin_phone=&#8220;||20px||false|false&#8220; custom_margin_last_edited=&#8220;on|phone&#8220; custom_padding_tablet=&#8220;&#8220; custom_padding_phone=&#8220;&#8220; custom_padding_last_edited=&#8220;on|phone&#8220; animation_style=&#8220;slide&#8220; animation_direction=&#8220;top&#8220; animation_duration=&#8220;900ms&#8220; animation_delay=&#8220;100ms&#8220; animation_intensity_slide=&#8220;3%&#8220; link_option_url=&#8220;https:\/\/sportbyzz.com\/datenschutz\/&#8220; text_font_size_tablet=&#8220;24px&#8220; text_font_size_phone=&#8220;18px&#8220; text_font_size_last_edited=&#8220;on|tablet&#8220; text_line_height_tablet=&#8220;1.3em&#8220; text_line_height_phone=&#8220;1.3em&#8220; text_line_height_last_edited=&#8220;on|phone&#8220; global_colors_info=&#8220;{}&#8220;]<\/p>\n<p><a href=\"https:\/\/sportbyzz.com\/datenschutz\/\">Datenschutzseite<\/a> <span class=\"et-pb-icon\" style=\"font-size: x-large;\">$<\/span><\/p>\n<p>[\/et_pb_text][\/et_pb_column][\/et_pb_row][\/et_pb_section]<\/p>\n","protected":false},"excerpt":{"rendered":"<p>Impressumsportbyzz GmbHOttilienstra\u00dfe 67b81827 M\u00fcnchenDeutschlandinfo@sportbyzz.comTel.: +49 (0) 89 26219308Gesch\u00e4ftsf\u00fchrer: Dirk IfsenRegistergericht: Amtsgericht M\u00fcnchenRegisternummer: HRB 270924Sitz der Gesellschaft: M\u00fcnchen, DeutschlandEinkommensteuer-Nummer 182\/583\/15029Design und Animation: David WeigertFotografie: Jonathan Gordon, Anna Sullivan, Chaitanya Tvs, Willian-Justen de Vasconcellos, Nastuh Abootalebi, ShareGridHaftungshinweis: Trotz sorgf\u00e4ltiger inhaltlicher Kontrolle \u00fcbernehmen wir keine Haftung f\u00fcr die Inhalte externer Links. F\u00fcr den Inhalt der verlinkten Seiten sind [&hellip;]<\/p>\n","protected":false},"author":4,"featured_media":0,"parent":0,"menu_order":0,"comment_status":"closed","ping_status":"closed","template":"","meta":{"_et_pb_use_builder":"on","_et_pb_old_content":"<!-- wp:divi\/placeholder \/-->","_et_gb_content_width":"","footnotes":""},"class_list":["post-177","page","type-page","status-publish","hentry"],"_links":{"self":[{"href":"https:\/\/sportbyzz.com\/en\/wp-json\/wp\/v2\/pages\/177","targetHints":{"allow":["GET"]}}],"collection":[{"href":"https:\/\/sportbyzz.com\/en\/wp-json\/wp\/v2\/pages"}],"about":[{"href":"https:\/\/sportbyzz.com\/en\/wp-json\/wp\/v2\/types\/page"}],"author":[{"embeddable":true,"href":"https:\/\/sportbyzz.com\/en\/wp-json\/wp\/v2\/users\/4"}],"replies":[{"embeddable":true,"href":"https:\/\/sportbyzz.com\/en\/wp-json\/wp\/v2\/comments?post=177"}],"version-history":[{"count":13,"href":"https:\/\/sportbyzz.com\/en\/wp-json\/wp\/v2\/pages\/177\/revisions"}],"predecessor-version":[{"id":2987,"href":"https:\/\/sportbyzz.com\/en\/wp-json\/wp\/v2\/pages\/177\/revisions\/2987"}],"wp:attachment":[{"href":"https:\/\/sportbyzz.com\/en\/wp-json\/wp\/v2\/media?parent=177"}],"curies":[{"name":"wp","href":"https:\/\/api.w.org\/{rel}","templated":true}]}}