{"id":1662,"date":"2021-11-10T18:43:43","date_gmt":"2021-11-10T17:43:43","guid":{"rendered":"http:\/\/sportbyzz.com\/?page_id=1662"},"modified":"2021-12-13T17:58:46","modified_gmt":"2021-12-13T16:58:46","slug":"projekte","status":"publish","type":"page","link":"https:\/\/sportbyzz.com\/en\/projekte\/","title":{"rendered":"Projects"},"content":{"rendered":"<p>[et_pb_section fb_built=&#8220;1&#8243; admin_label=&#8220;SUBPAGE HEADER&#8220; _builder_version=&#8220;4.14.1&#8243; _module_preset=&#8220;default&#8220; background_color=&#8220;#0d0d0d&#8220; background_enable_image=&#8220;off&#8220; height_tablet=&#8220;&#8220; height_phone=&#8220;&#8220; height_last_edited=&#8220;on|desktop&#8220; custom_margin=&#8220;0px||0px||false|false&#8220; custom_padding=&#8220;0px||0px||false|false&#8220; animation_direction=&#8220;top&#8220; custom_css_main_element=&#8220;min-height: 50vh !important;&#8220; global_colors_info=&#8220;{}&#8220; custom_css_main_element_last_edited=&#8220;on|tablet&#8220; custom_css_main_element_phone=&#8220;min-height: 30vh !important; &#8220; custom_css_main_element_tablet=&#8220;min-height: 40vh !important;&#8220;][et_pb_row admin_label=&#8220;Header im&#8220; _builder_version=&#8220;4.14.1&#8243; _module_preset=&#8220;default&#8220; background_image=&#8220;https:\/\/sportbyzz.com\/wp-content\/uploads\/2021\/11\/sprtbyzz-cover-projekte-1.jpg&#8220; width=&#8220;100%&#8220; max_width=&#8220;3000px&#8220; custom_margin=&#8220;0px||0px||false|false&#8220; custom_padding=&#8220;0px||||false|false&#8220; animation_style=&#8220;slide&#8220; animation_direction=&#8220;top&#8220; animation_duration=&#8220;900ms&#8220; animation_intensity_slide=&#8220;4%&#8220; custom_css_main_element=&#8220;min-height: 50vh !important; &#8220; global_colors_info=&#8220;{}&#8220; custom_css_main_element_last_edited=&#8220;on|desktop&#8220; custom_css_main_element_phone=&#8220;min-height: 30vh !important; &#8220; custom_css_main_element_tablet=&#8220;min-height: 40vh !important;&#8220;][et_pb_column type=&#8220;4_4&#8243; _builder_version=&#8220;4.11.4&#8243; _module_preset=&#8220;default&#8220; global_colors_info=&#8220;{}&#8220;][\/et_pb_column][\/et_pb_row][\/et_pb_section][et_pb_section fb_built=&#8220;1&#8243; custom_padding_last_edited=&#8220;on|desktop&#8220; admin_label=&#8220;Projekte&#8220; _builder_version=&#8220;4.14.1&#8243; _module_preset=&#8220;default&#8220; background_color=&#8220;#0d0d0d&#8220; custom_padding=&#8220;130px||70px||false|false&#8220; custom_padding_tablet=&#8220;30px||100px||false|false&#8220; custom_padding_phone=&#8220;0px||20px||false|false&#8220; global_colors_info=&#8220;{}&#8220;][et_pb_row column_structure=&#8220;1_2,1_2&#8243; custom_padding_last_edited=&#8220;on|tablet&#8220; _builder_version=&#8220;4.14.1&#8243; _module_preset=&#8220;default&#8220; width=&#8220;90%&#8220; max_width=&#8220;2400px&#8220; custom_margin_tablet=&#8220;&#8220; custom_margin_phone=&#8220;&#8220; custom_margin_last_edited=&#8220;on|tablet&#8220; custom_padding_tablet=&#8220;||0px||false|false&#8220; custom_padding_phone=&#8220;||0px||false|false&#8220; global_colors_info=&#8220;{}&#8220;][et_pb_column type=&#8220;1_2&#8243; _builder_version=&#8220;4.14.1&#8243; _module_preset=&#8220;default&#8220; custom_padding_tablet=&#8220;||0px||false|false&#8220; custom_padding_phone=&#8220;||0px||false|false&#8220; custom_padding_last_edited=&#8220;on|tablet&#8220; global_colors_info=&#8220;{}&#8220;][et_pb_text admin_label=&#8220;h2&#8243; _builder_version=&#8220;4.14.1&#8243; _module_preset=&#8220;default&#8220; header_2_text_color=&#8220;#FFFFFF&#8220; header_2_font_size=&#8220;70px&#8220; max_width=&#8220;700px&#8220; max_width_tablet=&#8220;500px&#8220; max_width_phone=&#8220;320px&#8220; max_width_last_edited=&#8220;on|phone&#8220; animation_style=&#8220;slide&#8220; animation_direction=&#8220;top&#8220; animation_duration=&#8220;900ms&#8220; animation_delay=&#8220;700ms&#8220; animation_intensity_slide=&#8220;4%&#8220; header_2_font_size_tablet=&#8220;55px&#8220; header_2_font_size_phone=&#8220;32px&#8220; header_2_font_size_last_edited=&#8220;on|tablet&#8220; global_colors_info=&#8220;{}&#8220;]<\/p>\n<h2>Projekte<\/h2>\n<p>[\/et_pb_text][\/et_pb_column][et_pb_column type=&#8220;1_2&#8243; _builder_version=&#8220;4.14.1&#8243; _module_preset=&#8220;default&#8220; custom_padding_tablet=&#8220;0px||||false|false&#8220; custom_padding_phone=&#8220;0px||||false|false&#8220; custom_padding_last_edited=&#8220;on|tablet&#8220; global_colors_info=&#8220;{}&#8220;][et_pb_text _builder_version=&#8220;4.14.1&#8243; _module_preset=&#8220;default&#8220; text_text_color=&#8220;#FFFFFF&#8220; text_font_size=&#8220;30px&#8220; text_line_height=&#8220;1.3em&#8220; ul_font_size=&#8220;30px&#8220; ul_line_height=&#8220;1.2em&#8220; header_font=&#8220;|||on|||||&#8220; max_width_tablet=&#8220;360px&#8220; max_width_phone=&#8220;70%&#8220; max_width_last_edited=&#8220;on|tablet&#8220; custom_margin=&#8220;||60px||false|false&#8220; custom_margin_tablet=&#8220;-20px||0px||false|false&#8220; custom_margin_phone=&#8220;||40px||false|false&#8220; custom_margin_last_edited=&#8220;on|phone&#8220; custom_padding=&#8220;||||false|false&#8220; custom_padding_tablet=&#8220;0px||||false|false&#8220; custom_padding_phone=&#8220;0px||||false|false&#8220; custom_padding_last_edited=&#8220;on|tablet&#8220; animation_style=&#8220;slide&#8220; animation_direction=&#8220;top&#8220; animation_duration=&#8220;900ms&#8220; animation_delay=&#8220;800ms&#8220; animation_intensity_slide=&#8220;3%&#8220; text_font_size_tablet=&#8220;24px&#8220; text_font_size_phone=&#8220;20px&#8220; text_font_size_last_edited=&#8220;on|tablet&#8220; text_line_height_tablet=&#8220;1.2em&#8220; text_line_height_phone=&#8220;1.3em&#8220; text_line_height_last_edited=&#8220;on|desktop&#8220; global_colors_info=&#8220;{}&#8220;]<\/p>\n<p>Eine selektierte Auswahl der ersten Arbeiten von sportbyzz.<\/p>\n<p>[\/et_pb_text][\/et_pb_column][\/et_pb_row][\/et_pb_section][et_pb_section fb_built=&#8220;1&#8243; custom_padding_last_edited=&#8220;on|desktop&#8220; _builder_version=&#8220;4.14.1&#8243; _module_preset=&#8220;default&#8220; background_color=&#8220;#101010&#8243; custom_margin=&#8220;0px||0px||false|false&#8220; custom_padding=&#8220;180px||160px||false|false&#8220; custom_padding_tablet=&#8220;130px||80px||false|false&#8220; custom_padding_phone=&#8220;90px||||false|false&#8220; global_colors_info=&#8220;{}&#8220;][et_pb_row _builder_version=&#8220;4.14.1&#8243; _module_preset=&#8220;default&#8220; width=&#8220;60%&#8220; width_tablet=&#8220;80%&#8220; width_phone=&#8220;80%&#8220; width_last_edited=&#8220;on|tablet&#8220; max_width=&#8220;2400px&#8220; custom_margin=&#8220;0px||0px||false|false&#8220; custom_padding=&#8220;0px||0px||false|false&#8220; global_colors_info=&#8220;{}&#8220;][et_pb_column type=&#8220;4_4&#8243; _builder_version=&#8220;4.11.4&#8243; _module_preset=&#8220;default&#8220; global_colors_info=&#8220;{}&#8220;][et_pb_image src=&#8220;https:\/\/e6.365dm.de\/21\/08\/2048&#215;1152\/skysport_de-matchplan-bundesliga_5476860.jpg?bypass-service-worker&#038;20210812201414&#8243; _builder_version=&#8220;4.11.4&#8243; _module_preset=&#8220;default&#8220; animation_style=&#8220;fade&#8220; global_colors_info=&#8220;{}&#8220;][\/et_pb_image][et_pb_text admin_label=&#8220;h2 Matchplan&#8220; _builder_version=&#8220;4.14.1&#8243; _module_preset=&#8220;default&#8220; header_2_text_align=&#8220;left&#8220; header_2_text_color=&#8220;#FFFFFF&#8220; header_2_font_size=&#8220;70px&#8220; max_width_tablet=&#8220;500px&#8220; max_width_phone=&#8220;320px&#8220; max_width_last_edited=&#8220;on|phone&#8220; module_alignment=&#8220;left&#8220; custom_margin=&#8220;60px||10px||false|false&#8220; custom_margin_tablet=&#8220;60px||20px||false|false&#8220; custom_margin_phone=&#8220;40px||30px||false|false&#8220; custom_margin_last_edited=&#8220;on|phone&#8220; animation_style=&#8220;slide&#8220; animation_direction=&#8220;top&#8220; animation_duration=&#8220;900ms&#8220; animation_delay=&#8220;100ms&#8220; animation_intensity_slide=&#8220;4%&#8220; header_2_font_size_tablet=&#8220;55px&#8220; header_2_font_size_phone=&#8220;32px&#8220; header_2_font_size_last_edited=&#8220;on|tablet&#8220; global_colors_info=&#8220;{}&#8220;]<\/p>\n<h2>Matchplan<\/h2>\n<p>[\/et_pb_text][et_pb_text _builder_version=&#8220;4.14.1&#8243; _module_preset=&#8220;default&#8220; text_text_color=&#8220;#FFFFFF&#8220; text_font_size=&#8220;30px&#8220; text_line_height=&#8220;1.3em&#8220; ul_font_size=&#8220;30px&#8220; ul_line_height=&#8220;1.2em&#8220; header_font=&#8220;|||on|||||&#8220; module_alignment=&#8220;left&#8220; custom_margin=&#8220;||0px||false|false&#8220; custom_margin_tablet=&#8220;-20px||40px||false|false&#8220; custom_margin_phone=&#8220;||0px||false|false&#8220; custom_margin_last_edited=&#8220;on|phone&#8220; custom_padding=&#8220;||||false|false&#8220; custom_padding_tablet=&#8220;0px||||false|false&#8220; custom_padding_phone=&#8220;0px||||false|false&#8220; custom_padding_last_edited=&#8220;on|tablet&#8220; animation_style=&#8220;slide&#8220; animation_direction=&#8220;top&#8220; animation_duration=&#8220;900ms&#8220; animation_delay=&#8220;150ms&#8220; animation_intensity_slide=&#8220;3%&#8220; text_font_size_tablet=&#8220;24px&#8220; text_font_size_phone=&#8220;20px&#8220; text_font_size_last_edited=&#8220;on|tablet&#8220; text_line_height_tablet=&#8220;1.2em&#8220; text_line_height_phone=&#8220;1.3em&#8220; text_line_height_last_edited=&#8220;on|desktop&#8220; global_colors_info=&#8220;{}&#8220;]<\/p>\n<p>Ein w\u00f6chentliches Fu\u00dfball-Analyse-Format auf Sky. Eine Partie, zwei Trainer, eine Stunde Zeit: Mit \u201cMatchplan\u201c taucht Sky tief in die taktische Analyse und die Trainerarbeit ein. Als erste Sendung \u00fcberhaupt widmet sich das Format ausschlie\u00dflich der ausf\u00fchrlichen Analyse eines Spiels in dessen Vorfeld. Produziert von Sky mit Jan Henkel als Moderator und Co-Produzent. <span>Seit Oktober 2020 erfolgreich on air. sportbyzz kooperiert bei diversen Formaten direkt mit Jan Henkel.<\/span><span class=\"Apple-converted-space\">\u00a0<\/span><\/p>\n<p>[\/et_pb_text][\/et_pb_column][\/et_pb_row][\/et_pb_section][et_pb_section fb_built=&#8220;1&#8243; custom_padding_last_edited=&#8220;on|tablet&#8220; _builder_version=&#8220;4.14.1&#8243; _module_preset=&#8220;default&#8220; background_color=&#8220;#0d0d0d&#8220; custom_padding=&#8220;180px||160px||false|false&#8220; custom_padding_tablet=&#8220;130px||80px||false|false&#8220; custom_padding_phone=&#8220;90px||||false|false&#8220; global_colors_info=&#8220;{}&#8220;][et_pb_row _builder_version=&#8220;4.14.1&#8243; _module_preset=&#8220;default&#8220; width=&#8220;60%&#8220; width_tablet=&#8220;80%&#8220; width_phone=&#8220;80%&#8220; width_last_edited=&#8220;on|tablet&#8220; max_width=&#8220;2400px&#8220; custom_margin=&#8220;0px||0px||false|false&#8220; custom_padding=&#8220;0px||0px||false|false&#8220; global_colors_info=&#8220;{}&#8220;][et_pb_column type=&#8220;4_4&#8243; _builder_version=&#8220;4.11.4&#8243; _module_preset=&#8220;default&#8220; global_colors_info=&#8220;{}&#8220;][et_pb_image src=&#8220;https:\/\/sportbyzz.com\/wp-content\/uploads\/2021\/12\/sportbyzz-projekte-euro.jpg&#8220; _builder_version=&#8220;4.14.2&#8243; _module_preset=&#8220;default&#8220; animation_style=&#8220;fade&#8220; hover_enabled=&#8220;0&#8243; global_colors_info=&#8220;{}&#8220; sticky_enabled=&#8220;0&#8243; title_text=&#8220;sportbyzz-projekte-euro&#8220;][\/et_pb_image][et_pb_text admin_label=&#8220;h2 Magenta TV EURO 2020&#8243; _builder_version=&#8220;4.14.1&#8243; _module_preset=&#8220;default&#8220; header_2_text_color=&#8220;#FFFFFF&#8220; header_2_font_size=&#8220;70px&#8220; max_width_tablet=&#8220;500px&#8220; max_width_phone=&#8220;320px&#8220; max_width_last_edited=&#8220;on|phone&#8220; module_alignment=&#8220;left&#8220; custom_margin=&#8220;60px||10px||false|false&#8220; custom_margin_tablet=&#8220;60px||20px||false|false&#8220; custom_margin_phone=&#8220;40px||30px||false|false&#8220; custom_margin_last_edited=&#8220;on|phone&#8220; animation_style=&#8220;slide&#8220; animation_direction=&#8220;top&#8220; animation_duration=&#8220;900ms&#8220; animation_delay=&#8220;100ms&#8220; animation_intensity_slide=&#8220;4%&#8220; header_2_font_size_tablet=&#8220;55px&#8220; header_2_font_size_phone=&#8220;32px&#8220; header_2_font_size_last_edited=&#8220;on|tablet&#8220; global_colors_info=&#8220;{}&#8220;]<\/p>\n<h2>Magenta TV EURO 2020<\/h2>\n<p>[\/et_pb_text][et_pb_text _builder_version=&#8220;4.14.1&#8243; _module_preset=&#8220;default&#8220; text_text_color=&#8220;#FFFFFF&#8220; text_font_size=&#8220;30px&#8220; text_line_height=&#8220;1.3em&#8220; ul_font_size=&#8220;30px&#8220; ul_line_height=&#8220;1.2em&#8220; header_font=&#8220;|||on|||||&#8220; module_alignment=&#8220;left&#8220; custom_margin=&#8220;||0px||false|false&#8220; custom_margin_tablet=&#8220;-20px||40px||false|false&#8220; custom_margin_phone=&#8220;||0px||false|false&#8220; custom_margin_last_edited=&#8220;on|phone&#8220; custom_padding=&#8220;||||false|false&#8220; custom_padding_tablet=&#8220;0px||||false|false&#8220; custom_padding_phone=&#8220;0px||||false|false&#8220; custom_padding_last_edited=&#8220;on|tablet&#8220; animation_style=&#8220;slide&#8220; animation_direction=&#8220;top&#8220; animation_duration=&#8220;900ms&#8220; animation_delay=&#8220;150ms&#8220; animation_intensity_slide=&#8220;3%&#8220; text_font_size_tablet=&#8220;24px&#8220; text_font_size_phone=&#8220;20px&#8220; text_font_size_last_edited=&#8220;on|tablet&#8220; text_line_height_tablet=&#8220;1.2em&#8220; text_line_height_phone=&#8220;1.3em&#8220; text_line_height_last_edited=&#8220;on|desktop&#8220; global_colors_info=&#8220;{}&#8220;]<\/p>\n<p>Manuel Baum erstellte mit seinem Team die Analysen zu Spielern, Teams und Taktiken zu allen 51 Spielen des Turniers. Jan Henkel pr\u00e4sentierte die Erkenntnisse in \u00fcber 150 Live-Eins\u00e4tzen an allen 22 Spieltagen. sportbyzz war in der Konzeptions- und Entwicklungsphase ma\u00dfgeblich beteiligt.<\/p>\n<p>[\/et_pb_text][\/et_pb_column][\/et_pb_row][\/et_pb_section][et_pb_section fb_built=&#8220;1&#8243; custom_padding_last_edited=&#8220;on|tablet&#8220; _builder_version=&#8220;4.14.1&#8243; _module_preset=&#8220;default&#8220; background_color=&#8220;#101010&#8243; custom_padding=&#8220;180px||180px||false|false&#8220; custom_padding_tablet=&#8220;130px||150px||false|false&#8220; custom_padding_phone=&#8220;90px||90px||false|false&#8220; global_colors_info=&#8220;{}&#8220;][et_pb_row _builder_version=&#8220;4.14.1&#8243; _module_preset=&#8220;default&#8220; width=&#8220;60%&#8220; width_tablet=&#8220;80%&#8220; width_phone=&#8220;80%&#8220; width_last_edited=&#8220;on|tablet&#8220; max_width=&#8220;2400px&#8220; custom_margin=&#8220;0px||0px||false|false&#8220; custom_padding=&#8220;0px||0px||false|false&#8220; global_colors_info=&#8220;{}&#8220;][et_pb_column type=&#8220;4_4&#8243; _builder_version=&#8220;4.11.4&#8243; _module_preset=&#8220;default&#8220; global_colors_info=&#8220;{}&#8220;][et_pb_image src=&#8220;https:\/\/sportbyzz.com\/wp-content\/uploads\/2021\/12\/sportbyzz-exasol.png&#8220; title_text=&#8220;sportbyzz-exasol&#8220; _builder_version=&#8220;4.14.2&#8243; _module_preset=&#8220;default&#8220; animation_style=&#8220;fade&#8220; global_colors_info=&#8220;{}&#8220;][\/et_pb_image][et_pb_text admin_label=&#8220;h2 Exasol&#8220; _builder_version=&#8220;4.14.1&#8243; _module_preset=&#8220;default&#8220; header_2_text_color=&#8220;#FFFFFF&#8220; header_2_font_size=&#8220;70px&#8220; max_width_tablet=&#8220;500px&#8220; max_width_phone=&#8220;320px&#8220; max_width_last_edited=&#8220;on|phone&#8220; module_alignment=&#8220;left&#8220; custom_margin=&#8220;60px||10px||false|false&#8220; custom_margin_tablet=&#8220;60px||20px||false|false&#8220; custom_margin_phone=&#8220;40px||30px||false|false&#8220; custom_margin_last_edited=&#8220;on|phone&#8220; animation_style=&#8220;slide&#8220; animation_direction=&#8220;top&#8220; animation_duration=&#8220;900ms&#8220; animation_delay=&#8220;100ms&#8220; animation_intensity_slide=&#8220;4%&#8220; header_2_font_size_tablet=&#8220;55px&#8220; header_2_font_size_phone=&#8220;32px&#8220; header_2_font_size_last_edited=&#8220;on|tablet&#8220; global_colors_info=&#8220;{}&#8220;]<\/p>\n<h2>Exasol<\/h2>\n<p>[\/et_pb_text][et_pb_text _builder_version=&#8220;4.14.1&#8243; _module_preset=&#8220;default&#8220; text_text_color=&#8220;#FFFFFF&#8220; text_font_size=&#8220;30px&#8220; text_line_height=&#8220;1.3em&#8220; ul_font_size=&#8220;30px&#8220; ul_line_height=&#8220;1.2em&#8220; header_font=&#8220;|||on|||||&#8220; module_alignment=&#8220;left&#8220; custom_margin=&#8220;||60px||false|false&#8220; custom_margin_tablet=&#8220;-20px||40px||false|false&#8220; custom_margin_phone=&#8220;||0px||false|false&#8220; custom_margin_last_edited=&#8220;on|phone&#8220; custom_padding=&#8220;||||false|false&#8220; custom_padding_tablet=&#8220;0px||||false|false&#8220; custom_padding_phone=&#8220;0px||||false|false&#8220; custom_padding_last_edited=&#8220;on|tablet&#8220; animation_style=&#8220;slide&#8220; animation_direction=&#8220;top&#8220; animation_duration=&#8220;900ms&#8220; animation_delay=&#8220;150ms&#8220; animation_intensity_slide=&#8220;3%&#8220; text_font_size_tablet=&#8220;24px&#8220; text_font_size_phone=&#8220;20px&#8220; text_font_size_last_edited=&#8220;on|tablet&#8220; text_line_height_tablet=&#8220;1.2em&#8220; text_line_height_phone=&#8220;1.3em&#8220; text_line_height_last_edited=&#8220;on|desktop&#8220; global_colors_info=&#8220;{}&#8220;]<\/p>\n<p>Zusammen mit dem Institut f\u00fcr Spielanalyse entwickelte sportbyzz w\u00e4hrend der EURO 2020 und anderen Turnieren f\u00fcr den DFB-Sponsor Exasol Inhalte rund um die Social Media T\u00e4tigkeiten vor und w\u00e4hrend des Turniers. Dabei wurden Erkenntnisse des Turniers und der Matches aus dem Bereich der Sportanalysen f\u00fcr Exasol konzipiert und erarbeitet.<\/p>\n<p>[\/et_pb_text][\/et_pb_column][\/et_pb_row][\/et_pb_section]<\/p>\n","protected":false},"excerpt":{"rendered":"<p>ProjekteEine selektierte Auswahl der ersten Arbeiten von sportbyzz.MatchplanEin w\u00f6chentliches Fu\u00dfball-Analyse-Format auf Sky. Eine Partie, zwei Trainer, eine Stunde Zeit: Mit \u201cMatchplan\u201c taucht Sky tief in die taktische Analyse und die Trainerarbeit ein. Als erste Sendung \u00fcberhaupt widmet sich das Format ausschlie\u00dflich der ausf\u00fchrlichen Analyse eines Spiels in dessen Vorfeld. Produziert von Sky mit Jan Henkel [&hellip;]<\/p>\n","protected":false},"author":4,"featured_media":0,"parent":0,"menu_order":0,"comment_status":"closed","ping_status":"closed","template":"","meta":{"_et_pb_use_builder":"on","_et_pb_old_content":"<!-- wp:divi\/placeholder \/-->","_et_gb_content_width":"","footnotes":""},"class_list":["post-1662","page","type-page","status-publish","hentry"],"_links":{"self":[{"href":"https:\/\/sportbyzz.com\/en\/wp-json\/wp\/v2\/pages\/1662","targetHints":{"allow":["GET"]}}],"collection":[{"href":"https:\/\/sportbyzz.com\/en\/wp-json\/wp\/v2\/pages"}],"about":[{"href":"https:\/\/sportbyzz.com\/en\/wp-json\/wp\/v2\/types\/page"}],"author":[{"embeddable":true,"href":"https:\/\/sportbyzz.com\/en\/wp-json\/wp\/v2\/users\/4"}],"replies":[{"embeddable":true,"href":"https:\/\/sportbyzz.com\/en\/wp-json\/wp\/v2\/comments?post=1662"}],"version-history":[{"count":12,"href":"https:\/\/sportbyzz.com\/en\/wp-json\/wp\/v2\/pages\/1662\/revisions"}],"predecessor-version":[{"id":2972,"href":"https:\/\/sportbyzz.com\/en\/wp-json\/wp\/v2\/pages\/1662\/revisions\/2972"}],"wp:attachment":[{"href":"https:\/\/sportbyzz.com\/en\/wp-json\/wp\/v2\/media?parent=1662"}],"curies":[{"name":"wp","href":"https:\/\/api.w.org\/{rel}","templated":true}]}}