{"id":1658,"date":"2021-11-10T18:42:37","date_gmt":"2021-11-10T17:42:37","guid":{"rendered":"http:\/\/sportbyzz.com\/?page_id=1658"},"modified":"2021-12-10T13:17:29","modified_gmt":"2021-12-10T12:17:29","slug":"vision","status":"publish","type":"page","link":"https:\/\/sportbyzz.com\/en\/vision\/","title":{"rendered":"Vision"},"content":{"rendered":"<p>[et_pb_section fb_built=&#8220;1&#8243; admin_label=&#8220;SUBPAGE HEADER&#8220; _builder_version=&#8220;4.14.1&#8243; _module_preset=&#8220;default&#8220; background_color=&#8220;#0d0d0d&#8220; background_enable_image=&#8220;off&#8220; height_tablet=&#8220;&#8220; height_phone=&#8220;&#8220; height_last_edited=&#8220;on|desktop&#8220; custom_margin=&#8220;0px||0px||false|false&#8220; custom_padding=&#8220;0px||0px||false|false&#8220; animation_direction=&#8220;top&#8220; custom_css_main_element=&#8220;min-height: 50vh !important;&#8220; global_colors_info=&#8220;{}&#8220; custom_css_main_element_last_edited=&#8220;on|tablet&#8220; custom_css_main_element_phone=&#8220;min-height: 30vh !important; &#8220; custom_css_main_element_tablet=&#8220;min-height: 40vh !important;&#8220;][et_pb_row admin_label=&#8220;Header im&#8220; _builder_version=&#8220;4.14.1&#8243; _module_preset=&#8220;default&#8220; background_image=&#8220;https:\/\/sportbyzz.com\/wp-content\/uploads\/2021\/11\/sprtbyzz-cover-vision-6.jpg&#8220; width=&#8220;100%&#8220; max_width=&#8220;3000px&#8220; custom_margin=&#8220;0px||0px||false|false&#8220; custom_padding=&#8220;0px||||false|false&#8220; animation_style=&#8220;slide&#8220; animation_direction=&#8220;top&#8220; animation_duration=&#8220;900ms&#8220; animation_intensity_slide=&#8220;4%&#8220; custom_css_main_element=&#8220;min-height: 50vh !important; &#8220; global_colors_info=&#8220;{}&#8220; custom_css_main_element_last_edited=&#8220;on|desktop&#8220; custom_css_main_element_phone=&#8220;min-height: 30vh !important; &#8220; custom_css_main_element_tablet=&#8220;min-height: 40vh !important;&#8220;][et_pb_column type=&#8220;4_4&#8243; _builder_version=&#8220;4.11.4&#8243; _module_preset=&#8220;default&#8220; global_colors_info=&#8220;{}&#8220;][\/et_pb_column][\/et_pb_row][\/et_pb_section][et_pb_section fb_built=&#8220;1&#8243; custom_padding_last_edited=&#8220;on|desktop&#8220; _builder_version=&#8220;4.14.1&#8243; _module_preset=&#8220;default&#8220; background_color=&#8220;#0d0d0d&#8220; custom_padding=&#8220;130px||180px||false|false&#8220; custom_padding_tablet=&#8220;130px||180px||false|false&#8220; custom_padding_phone=&#8220;0px||180px||false|false&#8220; global_colors_info=&#8220;{}&#8220;][et_pb_row column_structure=&#8220;1_2,1_2&#8243; admin_label=&#8220;Vision&#8220; _builder_version=&#8220;4.11.4&#8243; _module_preset=&#8220;default&#8220; width=&#8220;90%&#8220; max_width=&#8220;2400px&#8220; global_colors_info=&#8220;{}&#8220;][et_pb_column type=&#8220;1_2&#8243; _builder_version=&#8220;4.11.4&#8243; _module_preset=&#8220;default&#8220; global_colors_info=&#8220;{}&#8220;][et_pb_text admin_label=&#8220;h2&#8243; _builder_version=&#8220;4.14.1&#8243; _module_preset=&#8220;default&#8220; header_2_text_color=&#8220;#FFFFFF&#8220; header_2_font_size=&#8220;70px&#8220; max_width=&#8220;700px&#8220; max_width_tablet=&#8220;500px&#8220; max_width_phone=&#8220;320px&#8220; max_width_last_edited=&#8220;on|phone&#8220; animation_style=&#8220;slide&#8220; animation_direction=&#8220;top&#8220; animation_duration=&#8220;900ms&#8220; animation_delay=&#8220;700ms&#8220; animation_intensity_slide=&#8220;4%&#8220; header_2_font_size_tablet=&#8220;55px&#8220; header_2_font_size_phone=&#8220;32px&#8220; header_2_font_size_last_edited=&#8220;on|tablet&#8220; global_colors_info=&#8220;{}&#8220;]<\/p>\n<h2>Vision<\/h2>\n<p>[\/et_pb_text][\/et_pb_column][et_pb_column type=&#8220;1_2&#8243; _builder_version=&#8220;4.11.4&#8243; _module_preset=&#8220;default&#8220; global_colors_info=&#8220;{}&#8220;][et_pb_text _builder_version=&#8220;4.14.1&#8243; _module_preset=&#8220;default&#8220; text_text_color=&#8220;#FFFFFF&#8220; text_font_size=&#8220;30px&#8220; text_line_height=&#8220;1.3em&#8220; ul_font_size=&#8220;30px&#8220; ul_line_height=&#8220;1.2em&#8220; header_font=&#8220;|||on|||||&#8220; custom_margin=&#8220;||60px||false|false&#8220; custom_margin_tablet=&#8220;-20px||40px||false|false&#8220; custom_margin_phone=&#8220;||40px||false|false&#8220; custom_margin_last_edited=&#8220;on|phone&#8220; custom_padding=&#8220;||||false|false&#8220; custom_padding_tablet=&#8220;0px||||false|false&#8220; custom_padding_phone=&#8220;0px||||false|false&#8220; custom_padding_last_edited=&#8220;on|tablet&#8220; animation_style=&#8220;slide&#8220; animation_direction=&#8220;top&#8220; animation_duration=&#8220;900ms&#8220; animation_delay=&#8220;800ms&#8220; animation_intensity_slide=&#8220;3%&#8220; text_font_size_tablet=&#8220;24px&#8220; text_font_size_phone=&#8220;20px&#8220; text_font_size_last_edited=&#8220;on|tablet&#8220; text_line_height_tablet=&#8220;1.2em&#8220; text_line_height_phone=&#8220;1.3em&#8220; text_line_height_last_edited=&#8220;on|desktop&#8220; global_colors_info=&#8220;{}&#8220;]<\/p>\n<p>Wir sind kreativ und zukunftsorientiert. Wir sehen den Business Case im Vordergrund. Wir erschaffen refinanzierbare Medienformate. Wir bieten Sponsoren neue Formen der Integration im Sportumfeld. Wir arbeiten mit Big Data und mit qualitative Analysen.<\/p>\n<p>sportbyzz sieht immer den <span style=\"color: #fa7643;\">360 Grad Blick<\/span> bei der Entwicklung von neuen Formaten und Ideen: Wie kann die Idee auf welchen Medien funktionieren, wie spielen die verschiedenen Faktoren zusammen? Wir bringt man die Anforderungen aller Stakeholder zu einem erfolgreichen Modell?<\/p>\n<p>[\/et_pb_text][et_pb_image src=&#8220;https:\/\/sportbyzz.com\/wp-content\/uploads\/2021\/12\/Laureus_Logo_White_RGB.svg&#8220; title_text=&#8220;Laureus_Logo_White_RGB&#8220; admin_label=&#8220;Bild&#8220; _builder_version=&#8220;4.14.1&#8243; _module_preset=&#8220;default&#8220; max_width=&#8220;7em&#8220; custom_margin=&#8220;0px||40px||false|false&#8220; animation_style=&#8220;slide&#8220; animation_direction=&#8220;top&#8220; animation_duration=&#8220;900ms&#8220; animation_intensity_slide=&#8220;3%&#8220; global_colors_info=&#8220;{}&#8220;][\/et_pb_image][et_pb_text _builder_version=&#8220;4.14.2&#8243; _module_preset=&#8220;default&#8220; text_text_color=&#8220;#FFFFFF&#8220; text_font_size=&#8220;30px&#8220; text_line_height=&#8220;1.3em&#8220; ul_font_size=&#8220;30px&#8220; ul_line_height=&#8220;1.2em&#8220; header_font=&#8220;|||on|||||&#8220; custom_margin=&#8220;||60px||false|false&#8220; custom_margin_tablet=&#8220;-20px||40px||false|false&#8220; custom_margin_phone=&#8220;||40px||false|false&#8220; custom_margin_last_edited=&#8220;on|phone&#8220; custom_padding=&#8220;||||false|false&#8220; custom_padding_tablet=&#8220;0px||||false|false&#8220; custom_padding_phone=&#8220;0px||||false|false&#8220; custom_padding_last_edited=&#8220;on|tablet&#8220; animation_style=&#8220;slide&#8220; animation_direction=&#8220;top&#8220; animation_duration=&#8220;900ms&#8220; animation_intensity_slide=&#8220;3%&#8220; hover_enabled=&#8220;0&#8243; text_font_size_tablet=&#8220;24px&#8220; text_font_size_phone=&#8220;20px&#8220; text_font_size_last_edited=&#8220;on|tablet&#8220; text_line_height_tablet=&#8220;1.2em&#8220; text_line_height_phone=&#8220;1.3em&#8220; text_line_height_last_edited=&#8220;on|desktop&#8220; global_colors_info=&#8220;{}&#8220; sticky_enabled=&#8220;0&#8243;]<\/p>\n<p>Sport bietet aber nicht nur den Fans, den Sponsoren, den Medien und den Sportlern selbst viele tolle Momente und M\u00f6glichkeiten. Der Sport vermittelt Kindern Werte wie Teamgeist, Respekt, Disziplin und Fairplay. Und dieses m\u00f6chte auch sportbyzz unterst\u00fctzen. Wir kooperieren daher mit der <span style=\"color: #fa7643;\"><a href=\"https:\/\/www.laureus.de\" style=\"color: #fa7643;\" target=\"_blank\" rel=\"noopener\">Laureus Sport for Good Germany Stiftung<\/a><\/span> und so gehen 1% der Einnahmen eines jeden Deals von uns direkt an Laureus und damit an benachteiligte Kinder und Jugendliche.<\/p>\n<p>[\/et_pb_text][\/et_pb_column][\/et_pb_row][\/et_pb_section]<\/p>\n","protected":false},"excerpt":{"rendered":"<p>VisionWir sind kreativ und zukunftsorientiert. Wir sehen den Business Case im Vordergrund. Wir erschaffen refinanzierbare Medienformate. Wir bieten Sponsoren neue Formen der Integration im Sportumfeld. Wir arbeiten mit Big Data und mit qualitative Analysen. sportbyzz sieht immer den 360 Grad Blick bei der Entwicklung von neuen Formaten und Ideen: Wie kann die Idee auf welchen [&hellip;]<\/p>\n","protected":false},"author":4,"featured_media":0,"parent":0,"menu_order":0,"comment_status":"closed","ping_status":"closed","template":"","meta":{"_et_pb_use_builder":"on","_et_pb_old_content":"<!-- wp:divi\/placeholder \/-->","_et_gb_content_width":"","footnotes":""},"class_list":["post-1658","page","type-page","status-publish","hentry"],"_links":{"self":[{"href":"https:\/\/sportbyzz.com\/en\/wp-json\/wp\/v2\/pages\/1658","targetHints":{"allow":["GET"]}}],"collection":[{"href":"https:\/\/sportbyzz.com\/en\/wp-json\/wp\/v2\/pages"}],"about":[{"href":"https:\/\/sportbyzz.com\/en\/wp-json\/wp\/v2\/types\/page"}],"author":[{"embeddable":true,"href":"https:\/\/sportbyzz.com\/en\/wp-json\/wp\/v2\/users\/4"}],"replies":[{"embeddable":true,"href":"https:\/\/sportbyzz.com\/en\/wp-json\/wp\/v2\/comments?post=1658"}],"version-history":[{"count":7,"href":"https:\/\/sportbyzz.com\/en\/wp-json\/wp\/v2\/pages\/1658\/revisions"}],"predecessor-version":[{"id":2879,"href":"https:\/\/sportbyzz.com\/en\/wp-json\/wp\/v2\/pages\/1658\/revisions\/2879"}],"wp:attachment":[{"href":"https:\/\/sportbyzz.com\/en\/wp-json\/wp\/v2\/media?parent=1658"}],"curies":[{"name":"wp","href":"https:\/\/api.w.org\/{rel}","templated":true}]}}