{"id":1623,"date":"2021-11-10T18:20:43","date_gmt":"2021-11-10T17:20:43","guid":{"rendered":"http:\/\/sportbyzz.com\/?page_id=1623"},"modified":"2021-12-07T10:49:18","modified_gmt":"2021-12-07T09:49:18","slug":"analysen-sportdaten","status":"publish","type":"page","link":"https:\/\/sportbyzz.com\/en\/analysen-sportdaten\/","title":{"rendered":"Analysen &#038; Sportdaten"},"content":{"rendered":"<p>[et_pb_section fb_built=&#8220;1&#8243; admin_label=&#8220;SUBPAGE HEADER&#8220; _builder_version=&#8220;4.14.1&#8243; _module_preset=&#8220;default&#8220; background_color=&#8220;#0d0d0d&#8220; background_enable_image=&#8220;off&#8220; height_tablet=&#8220;&#8220; height_phone=&#8220;&#8220; height_last_edited=&#8220;on|desktop&#8220; custom_margin=&#8220;0px||0px||false|false&#8220; custom_padding=&#8220;0px||0px||false|false&#8220; animation_direction=&#8220;top&#8220; custom_css_main_element=&#8220;min-height: 50vh !important;&#8220; global_colors_info=&#8220;{}&#8220; custom_css_main_element_last_edited=&#8220;on|tablet&#8220; custom_css_main_element_phone=&#8220;min-height: 30vh !important; &#8220; custom_css_main_element_tablet=&#8220;min-height: 40vh !important;&#8220;][et_pb_row admin_label=&#8220;Header im&#8220; _builder_version=&#8220;4.14.1&#8243; _module_preset=&#8220;default&#8220; background_image=&#8220;https:\/\/sportbyzz.com\/wp-content\/uploads\/2021\/11\/sprtbyzz-cover-analyse-7-1.jpg&#8220; width=&#8220;100%&#8220; max_width=&#8220;3000px&#8220; custom_margin=&#8220;0px||0px||false|false&#8220; custom_padding=&#8220;0px||||false|false&#8220; animation_style=&#8220;slide&#8220; animation_direction=&#8220;top&#8220; animation_duration=&#8220;900ms&#8220; animation_intensity_slide=&#8220;4%&#8220; custom_css_main_element=&#8220;min-height: 50vh !important; &#8220; global_colors_info=&#8220;{}&#8220; custom_css_main_element_last_edited=&#8220;on|desktop&#8220; custom_css_main_element_phone=&#8220;min-height: 30vh !important; &#8220; custom_css_main_element_tablet=&#8220;min-height: 40vh !important;&#8220;][et_pb_column type=&#8220;4_4&#8243; _builder_version=&#8220;4.11.4&#8243; _module_preset=&#8220;default&#8220; global_colors_info=&#8220;{}&#8220;][\/et_pb_column][\/et_pb_row][\/et_pb_section][et_pb_section fb_built=&#8220;1&#8243; custom_padding_last_edited=&#8220;on|desktop&#8220; admin_label=&#8220;Analyse &#038; Sportdaten&#8220; _builder_version=&#8220;4.14.1&#8243; _module_preset=&#8220;default&#8220; background_color=&#8220;#0d0d0d&#8220; custom_padding=&#8220;130px||180px||false|false&#8220; custom_padding_tablet=&#8220;30px||180px||false|false&#8220; custom_padding_phone=&#8220;0px||180px||false|false&#8220; global_colors_info=&#8220;{}&#8220;][et_pb_row column_structure=&#8220;1_2,1_2&#8243; _builder_version=&#8220;4.14.1&#8243; _module_preset=&#8220;default&#8220; width=&#8220;90%&#8220; max_width=&#8220;2400px&#8220; global_colors_info=&#8220;{}&#8220;][et_pb_column type=&#8220;1_2&#8243; _builder_version=&#8220;4.14.1&#8243; _module_preset=&#8220;default&#8220; custom_padding_tablet=&#8220;||0px||false|false&#8220; custom_padding_phone=&#8220;||0px||false|false&#8220; custom_padding_last_edited=&#8220;on|tablet&#8220; global_colors_info=&#8220;{}&#8220;][et_pb_text admin_label=&#8220;h2&#8243; _builder_version=&#8220;4.14.1&#8243; _module_preset=&#8220;default&#8220; header_2_text_color=&#8220;#FFFFFF&#8220; header_2_font_size=&#8220;70px&#8220; max_width=&#8220;700px&#8220; max_width_tablet=&#8220;500px&#8220; max_width_phone=&#8220;320px&#8220; max_width_last_edited=&#8220;on|phone&#8220; animation_style=&#8220;slide&#8220; animation_direction=&#8220;top&#8220; animation_duration=&#8220;900ms&#8220; animation_delay=&#8220;700ms&#8220; animation_intensity_slide=&#8220;4%&#8220; header_2_font_size_tablet=&#8220;55px&#8220; header_2_font_size_phone=&#8220;32px&#8220; header_2_font_size_last_edited=&#8220;on|tablet&#8220; global_colors_info=&#8220;{}&#8220;]<\/p>\n<h2>Analysen &amp; Sportdaten<\/h2>\n<p>[\/et_pb_text][\/et_pb_column][et_pb_column type=&#8220;1_2&#8243; _builder_version=&#8220;4.14.1&#8243; _module_preset=&#8220;default&#8220; custom_padding_tablet=&#8220;0px||||false|false&#8220; custom_padding_phone=&#8220;0px||||false|false&#8220; custom_padding_last_edited=&#8220;on|tablet&#8220; global_colors_info=&#8220;{}&#8220;][et_pb_text _builder_version=&#8220;4.14.1&#8243; _module_preset=&#8220;default&#8220; text_text_color=&#8220;#FFFFFF&#8220; text_font_size=&#8220;30px&#8220; text_line_height=&#8220;1.3em&#8220; ul_font_size=&#8220;30px&#8220; ul_line_height=&#8220;1.2em&#8220; header_font=&#8220;|||on|||||&#8220; custom_margin=&#8220;||60px||false|false&#8220; custom_margin_tablet=&#8220;-20px||40px||false|false&#8220; custom_margin_phone=&#8220;||40px||false|false&#8220; custom_margin_last_edited=&#8220;on|phone&#8220; custom_padding=&#8220;||||false|false&#8220; custom_padding_tablet=&#8220;0px||||false|false&#8220; custom_padding_phone=&#8220;0px||||false|false&#8220; custom_padding_last_edited=&#8220;on|tablet&#8220; animation_style=&#8220;slide&#8220; animation_direction=&#8220;top&#8220; animation_duration=&#8220;900ms&#8220; animation_delay=&#8220;800ms&#8220; animation_intensity_slide=&#8220;3%&#8220; text_font_size_tablet=&#8220;24px&#8220; text_font_size_phone=&#8220;20px&#8220; text_font_size_last_edited=&#8220;on|tablet&#8220; text_line_height_tablet=&#8220;1.2em&#8220; text_line_height_phone=&#8220;1.3em&#8220; text_line_height_last_edited=&#8220;on|desktop&#8220; global_colors_info=&#8220;{}&#8220;]<\/p>\n<p>sportbyzz Founder Dirk Ifsen verweist auf mehr als zehn Jahre Erfahrung als Vorstand und Gesch\u00e4ftsf\u00fchrer der DACH Region beim weltweit f\u00fchrenden Sportdatenanbieter Opta \/ Perform \/ Stats Perform. Wir bieten rund um Sportdaten:<\/p>\n<p>[\/et_pb_text][et_pb_text ul_type=&#8220;circle&#8220; ul_item_indent=&#8220;-1px&#8220; admin_label=&#8220;Bullets&#8220; module_class=&#8220;bullet_list_spacing&#8220; _builder_version=&#8220;4.14.1&#8243; _module_preset=&#8220;default&#8220; text_text_color=&#8220;#FFFFFF&#8220; text_line_height=&#8220;1.3em&#8220; ul_font=&#8220;||||||||&#8220; ul_text_color=&#8220;#FFFFFF&#8220; ul_line_height=&#8220;1.4em&#8220; custom_margin=&#8220;||||false|false&#8220; custom_margin_tablet=&#8220;||20px||false|false&#8220; custom_margin_phone=&#8220;||20px||false|false&#8220; custom_margin_last_edited=&#8220;on|tablet&#8220; animation_style=&#8220;slide&#8220; animation_direction=&#8220;top&#8220; animation_duration=&#8220;900ms&#8220; animation_delay=&#8220;900ms&#8220; animation_intensity_slide=&#8220;1%&#8220; text_font_size_tablet=&#8220;&#8220; text_font_size_phone=&#8220;18px&#8220; text_font_size_last_edited=&#8220;on|tablet&#8220; text_line_height_tablet=&#8220;1.3em&#8220; text_line_height_phone=&#8220;1.2em&#8220; text_line_height_last_edited=&#8220;on|phone&#8220; global_colors_info=&#8220;{}&#8220; custom_css_main_element_last_edited=&#8220;on|tablet&#8220;]<\/p>\n<ul>\n<li>Daten-Storytelling Konzeption<\/li>\n<li>Verbindung quantitative Daten und qualitative Analysen<\/li>\n<li>Ganzheitliche Datennutzung Clubs &amp; Verb\u00e4nde<\/li>\n<li>Anbieter Auswahl \/ Ausschreibungsdurchf\u00fchrung<\/li>\n<li>Markt\u00fcbersicht aller relevanten Anbieter<\/li>\n<li>Daten-Consulting<\/li>\n<li>Monetarisierungsmodelle rund um Sportdaten<\/li>\n<li>Skalierbarkeit<\/li>\n<li>KI Modelle rund um Sportdaten<\/li>\n<li>Daten Visualisierung<\/li>\n<li>Von Fu\u00dfball \u00fcber Tennis bis zum Skisprung &#8211; welche Daten gibt es und sollte man auf der Webseite \/ App anbieten<\/li>\n<li>Daten f\u00fcr Medien, Clubs, Sponsoren und Betting &#8211; welche sind die richtigen Daten?<\/li>\n<li>Was sind internationale Trends, was zeigen die &#8222;Daten von morgen&#8220;?<br \/>Tracking: welche L\u00f6sungen sind die besten \/ passendsten?<\/li>\n<li>Xpected Data, Prediction etc.<\/li>\n<li>Redaktionsaufbau<\/li>\n<li>Datenjournalismus<\/li>\n<\/ul>\n<p>[\/et_pb_text][et_pb_text ul_type=&#8220;circle&#8220; ul_item_indent=&#8220;-1px&#8220; _builder_version=&#8220;4.14.1&#8243; _module_preset=&#8220;default&#8220; text_text_color=&#8220;#FFFFFF&#8220; text_font_size=&#8220;30px&#8220; text_line_height=&#8220;1.2em&#8220; ul_font=&#8220;||||||||&#8220; ul_text_color=&#8220;#FFFFFF&#8220; ul_line_height=&#8220;1.4em&#8220; custom_margin=&#8220;||||false|false&#8220; custom_margin_tablet=&#8220;||||false|false&#8220; custom_margin_phone=&#8220;||||false|false&#8220; custom_margin_last_edited=&#8220;on|phone&#8220; animation_style=&#8220;fade&#8220; animation_direction=&#8220;top&#8220; animation_duration=&#8220;900ms&#8220; hover_enabled=&#8220;0&#8243; text_font_size_tablet=&#8220;24px&#8220; text_font_size_phone=&#8220;20px&#8220; text_font_size_last_edited=&#8220;on|phone&#8220; global_colors_info=&#8220;{}&#8220; sticky_enabled=&#8220;0&#8243;]<\/p>\n<p>Egal ob ein beschreibendes Datenelement oder die qualitative Analyse &#8211; sportbyzz erschafft neue Erkenntnisse. Bundesliga-Coach Manuel Baum und sportbyzz entwickeln neue Formen, die ein Spiel beispielsweise mittels Big Data und KI erkl\u00e4ren und analysieren.<\/p>\n<p>[\/et_pb_text][\/et_pb_column][\/et_pb_row][\/et_pb_section]<\/p>\n","protected":false},"excerpt":{"rendered":"<p>Analysen &amp; Sportdatensportbyzz Founder Dirk Ifsen verweist auf mehr als zehn Jahre Erfahrung als Vorstand und Gesch\u00e4ftsf\u00fchrer der DACH Region beim weltweit f\u00fchrenden Sportdatenanbieter Opta \/ Perform \/ Stats Perform. Wir bieten rund um Sportdaten: Daten-Storytelling Konzeption Verbindung quantitative Daten und qualitative Analysen Ganzheitliche Datennutzung Clubs &amp; Verb\u00e4nde Anbieter Auswahl \/ Ausschreibungsdurchf\u00fchrung Markt\u00fcbersicht aller relevanten [&hellip;]<\/p>\n","protected":false},"author":4,"featured_media":0,"parent":0,"menu_order":0,"comment_status":"closed","ping_status":"closed","template":"","meta":{"_et_pb_use_builder":"on","_et_pb_old_content":"<!-- wp:divi\/placeholder \/-->","_et_gb_content_width":"","footnotes":""},"class_list":["post-1623","page","type-page","status-publish","hentry"],"_links":{"self":[{"href":"https:\/\/sportbyzz.com\/en\/wp-json\/wp\/v2\/pages\/1623","targetHints":{"allow":["GET"]}}],"collection":[{"href":"https:\/\/sportbyzz.com\/en\/wp-json\/wp\/v2\/pages"}],"about":[{"href":"https:\/\/sportbyzz.com\/en\/wp-json\/wp\/v2\/types\/page"}],"author":[{"embeddable":true,"href":"https:\/\/sportbyzz.com\/en\/wp-json\/wp\/v2\/users\/4"}],"replies":[{"embeddable":true,"href":"https:\/\/sportbyzz.com\/en\/wp-json\/wp\/v2\/comments?post=1623"}],"version-history":[{"count":27,"href":"https:\/\/sportbyzz.com\/en\/wp-json\/wp\/v2\/pages\/1623\/revisions"}],"predecessor-version":[{"id":2942,"href":"https:\/\/sportbyzz.com\/en\/wp-json\/wp\/v2\/pages\/1623\/revisions\/2942"}],"wp:attachment":[{"href":"https:\/\/sportbyzz.com\/en\/wp-json\/wp\/v2\/media?parent=1623"}],"curies":[{"name":"wp","href":"https:\/\/api.w.org\/{rel}","templated":true}]}}